{"id":8493,"date":"2023-03-22T13:22:37","date_gmt":"2023-03-22T19:22:37","guid":{"rendered":"https:\/\/cardenas.gob.mx\/portal\/?page_id=8493"},"modified":"2024-03-04T12:34:49","modified_gmt":"2024-03-04T18:34:49","slug":"reglas-de-operacion-programas","status":"publish","type":"page","link":"https:\/\/cardenas.gob.mx\/portal\/reglas-de-operacion-programas\/","title":{"rendered":"Reglas de Operacion Programas"},"content":{"rendered":"\t\t<div data-elementor-type=\"wp-post\" data-elementor-id=\"8493\" class=\"elementor elementor-8493\">\n\t\t\t\t\t\t<section class=\"elementor-section elementor-top-section elementor-element elementor-element-c063e62 elementor-section-boxed elementor-section-height-default elementor-section-height-default\" data-id=\"c063e62\" data-element_type=\"section\">\n\t\t\t\t\t\t<div class=\"elementor-container elementor-column-gap-default\">\n\t\t\t\t\t<div class=\"elementor-column elementor-col-100 elementor-top-column elementor-element elementor-element-692aade\" data-id=\"692aade\" data-element_type=\"column\">\n\t\t\t<div class=\"elementor-widget-wrap elementor-element-populated\">\n\t\t\t\t\t\t<div class=\"elementor-element elementor-element-20af6f1 elementor-widget elementor-widget-html\" data-id=\"20af6f1\" data-element_type=\"widget\" data-widget_type=\"html.default\">\n\t\t\t\t<div class=\"elementor-widget-container\">\n\t\t\t\t\t<link rel=\"stylesheet\" href=\"https:\/\/cdn.jsdelivr.net\/npm\/bootstrap@4.0.0\/dist\/css\/bootstrap.min.css\" integrity=\"sha384-Gn5384xqQ1aoWXA+058RXPxPg6fy4IWvTNh0E263XmFcJlSAwiGgFAW\/dAiS6JXm\" crossorigin=\"anonymous\">\n\n<div class=\"container\">\n  <table class=\"table\">\n  <thead>\n    <tr>\n      <th scope=\"col\">#\n      <\/th>\n      <th scope=\"col\">Nombre<\/th>\n      <th scope=\"col\">Archivo<\/th>\n      <th scope=\"col\">A\u00f1o<\/th>\n    <\/tr>\n  <\/thead>\n  <tbody>\n    <tr>\n   \n    <tr>\n      <td scope=\"row\">1<\/td>\n      <td class=\"text-left\"><strong>PROGRAMA DE INCENTIVOS<\/strong> POE PUB 27ENE2024  4876 <\/td>\n      <td><p> <a class=\"badge badge-light\" href=\"http:\/\/transparencia.cardenas.gob.mx\/Transparencia_2024\/General\/2024__PROGRAMA_DE_INCENTIVOS_POE_PUB_27ENE2024__4876.pdf\"rel=\"noopener\" target=\"_blank\">Descargar<\/a><\/p><\/td>\n      <td>2024<\/td>\n    <\/tr>\n    \n        <tr>\n      <td scope=\"row\">2<\/td>\n      <td class=\"text-left\"><strong> REGLAS DE OPERACION INCENTIVOS<\/strong> PREDIAL MOD INCISO A POE 4956 <\/td>\n      <td><p> <a class=\"badge badge-light\" href=\"http:\/\/transparencia.cardenas.gob.mx\/Transparencia_2024\/General\/2024__REGLAS_DE_OPERACION_INCENTIVOS_PREDIAL_MOD_INCISO_A_POE_4956.pdf\"rel=\"noopener\" target=\"_blank\">Descargar<\/a><\/p><\/td>\n      <td>2024<\/td>\n    <\/tr>   <td scope=\"row\">3<\/td>\n      <td class=\"text-left\">Reglas de Operaci\u00f3n de diversos programas del Honorable Ayuntamiento Municipio de C\u00e1rdenas, Tabasco, A Cargo de las Direcciones\nde <strong> Desarrollo , Protecci\u00f3n Ambiental, Educaci\u00f3n Cultura y Recreaci\u00f3n, Atenci\u00f3n Ciudadana, Atenci\u00f3n a la Mujer, Finanzas, Coordinaci\u00f3n del DIF Municipal y Presidencia Municipal<\/strong><\/td>\n      <td><p> <a class=\"badge badge-light\" href=\"http:\/\/transparencia.cardenas.gob.mx\/Transparencia_2023\/REGLAS_DE%20OPERACION%20DE%20DIVERSOS%20PROGRAMAS%20H%20AYUNTAMIENTO%20CARDENAS.PDF\"rel=\"noopener\" target=\"_blank\">Descargar<\/a><\/p><\/td>\n      <td>2023<\/td>\n    <\/tr>\n\n  <\/tbody>\n<\/table>\n<\/div>\n\n\t\t\t\t<\/div>\n\t\t\t\t<\/div>\n\t\t\t\t\t<\/div>\n\t\t<\/div>\n\t\t\t\t\t<\/div>\n\t\t<\/section>\n\t\t\t\t<section class=\"elementor-section elementor-top-section elementor-element elementor-element-491752b elementor-section-boxed elementor-section-height-default elementor-section-height-default\" data-id=\"491752b\" data-element_type=\"section\">\n\t\t\t\t\t\t<div class=\"elementor-container elementor-column-gap-default\">\n\t\t\t\t\t<div class=\"elementor-column elementor-col-100 elementor-top-column elementor-element elementor-element-ff7fe3d\" data-id=\"ff7fe3d\" data-element_type=\"column\">\n\t\t\t<div class=\"elementor-widget-wrap\">\n\t\t\t\t\t\t\t<\/div>\n\t\t<\/div>\n\t\t\t\t\t<\/div>\n\t\t<\/section>\n\t\t\t\t<\/div>\n\t\t","protected":false},"excerpt":{"rendered":"<p># Nombre Archivo A\u00f1o 1 PROGRAMA DE INCENTIVOS POE PUB 27ENE2024 4876 Descargar 2024 2 REGLAS DE OPERACION INCENTIVOS PREDIAL MOD INCISO A POE 4956 Descargar 2024 3 Reglas de Operaci\u00f3n de diversos programas del Honorable Ayuntamiento Municipio de C\u00e1rdenas, Tabasco, A Cargo de las Direcciones de Desarrollo , Protecci\u00f3n Ambiental, Educaci\u00f3n Cultura y Recreaci\u00f3n, [&hellip;]<\/p>\n","protected":false},"author":3,"featured_media":0,"parent":0,"menu_order":0,"comment_status":"closed","ping_status":"closed","template":"","meta":{"footnotes":""},"class_list":["post-8493","page","type-page","status-publish","hentry"],"_links":{"self":[{"href":"https:\/\/cardenas.gob.mx\/portal\/wp-json\/wp\/v2\/pages\/8493","targetHints":{"allow":["GET"]}}],"collection":[{"href":"https:\/\/cardenas.gob.mx\/portal\/wp-json\/wp\/v2\/pages"}],"about":[{"href":"https:\/\/cardenas.gob.mx\/portal\/wp-json\/wp\/v2\/types\/page"}],"author":[{"embeddable":true,"href":"https:\/\/cardenas.gob.mx\/portal\/wp-json\/wp\/v2\/users\/3"}],"replies":[{"embeddable":true,"href":"https:\/\/cardenas.gob.mx\/portal\/wp-json\/wp\/v2\/comments?post=8493"}],"version-history":[{"count":9,"href":"https:\/\/cardenas.gob.mx\/portal\/wp-json\/wp\/v2\/pages\/8493\/revisions"}],"predecessor-version":[{"id":9145,"href":"https:\/\/cardenas.gob.mx\/portal\/wp-json\/wp\/v2\/pages\/8493\/revisions\/9145"}],"wp:attachment":[{"href":"https:\/\/cardenas.gob.mx\/portal\/wp-json\/wp\/v2\/media?parent=8493"}],"curies":[{"name":"wp","href":"https:\/\/api.w.org\/{rel}","templated":true}]}}