{"id":125,"date":"2018-12-24T07:46:05","date_gmt":"2018-12-24T13:46:05","guid":{"rendered":"http:\/\/cardenas.gob.mx\/portal\/?page_id=125"},"modified":"2026-02-05T14:49:45","modified_gmt":"2026-02-05T20:49:45","slug":"inscripcion-proveedores-cardenas","status":"publish","type":"page","link":"https:\/\/cardenas.gob.mx\/portal\/inscripcion-proveedores-cardenas\/","title":{"rendered":"Inscripci\u00f3n Proveedores C\u00e1rdenas 2021-2024"},"content":{"rendered":"\t\t<div data-elementor-type=\"wp-post\" data-elementor-id=\"125\" class=\"elementor elementor-125\">\n\t\t\t\t\t\t<section class=\"elementor-section elementor-top-section elementor-element elementor-element-b7f03f0 elementor-section-boxed elementor-section-height-default elementor-section-height-default\" data-id=\"b7f03f0\" data-element_type=\"section\">\n\t\t\t\t\t\t<div class=\"elementor-container elementor-column-gap-default\">\n\t\t\t\t\t<div class=\"elementor-column elementor-col-100 elementor-top-column elementor-element elementor-element-0261b97\" data-id=\"0261b97\" data-element_type=\"column\">\n\t\t\t<div class=\"elementor-widget-wrap elementor-element-populated\">\n\t\t\t\t\t\t<div class=\"elementor-element elementor-element-4ffcebf elementor-widget elementor-widget-image\" data-id=\"4ffcebf\" data-element_type=\"widget\" data-widget_type=\"image.default\">\n\t\t\t\t<div class=\"elementor-widget-container\">\n\t\t\t\t\t\t\t\t\t\t\t\t\t\t\t<img fetchpriority=\"high\" decoding=\"async\" width=\"784\" height=\"188\" src=\"https:\/\/cardenas.gob.mx\/portal\/wp-content\/uploads\/2025\/02\/bgContratistas1.png\" class=\"attachment-full size-full wp-image-9771\" alt=\"\" srcset=\"https:\/\/cardenas.gob.mx\/portal\/wp-content\/uploads\/2025\/02\/bgContratistas1.png 784w, https:\/\/cardenas.gob.mx\/portal\/wp-content\/uploads\/2025\/02\/bgContratistas1-300x72.png 300w, https:\/\/cardenas.gob.mx\/portal\/wp-content\/uploads\/2025\/02\/bgContratistas1-768x184.png 768w\" sizes=\"(max-width: 784px) 100vw, 784px\" \/>\t\t\t\t\t\t\t\t\t\t\t\t\t\t\t<\/div>\n\t\t\t\t<\/div>\n\t\t\t\t\t<\/div>\n\t\t<\/div>\n\t\t\t\t\t<\/div>\n\t\t<\/section>\n\t\t\t\t<section class=\"elementor-section elementor-top-section elementor-element elementor-element-67cf1c95 elementor-section-boxed elementor-section-height-default elementor-section-height-default\" data-id=\"67cf1c95\" data-element_type=\"section\">\n\t\t\t\t\t\t<div class=\"elementor-container elementor-column-gap-default\">\n\t\t\t\t\t<div class=\"elementor-column elementor-col-100 elementor-top-column elementor-element elementor-element-297ef47f\" data-id=\"297ef47f\" data-element_type=\"column\">\n\t\t\t<div class=\"elementor-widget-wrap elementor-element-populated\">\n\t\t\t\t\t\t<div class=\"elementor-element elementor-element-c1df976 elementor-widget elementor-widget-text-editor\" data-id=\"c1df976\" data-element_type=\"widget\" data-widget_type=\"text-editor.default\">\n\t\t\t\t<div class=\"elementor-widget-container\">\n\t\t\t\t\t\t\t\t\t<style type=\"text\/css\"><span data-mce-type=\"bookmark\" style=\"display: inline-block; width: 0px; overflow: hidden; line-height: 0;\" class=\"mce_SELRES_start\">\ufeff<\/span><span data-mce-type=\"bookmark\" style=\"display: inline-block; width: 0px; overflow: hidden; line-height: 0;\" class=\"mce_SELRES_start\">\ufeff<\/span><span data-mce-type=\"bookmark\" style=\"display: inline-block; width: 0px; overflow: hidden; line-height: 0;\" class=\"mce_SELRES_start\">\ufeff<\/span><span data-mce-type=\"bookmark\" style=\"display: inline-block; width: 0px; overflow: hidden; line-height: 0;\" class=\"mce_SELRES_start\">\ufeff<\/span><br \/> h1, h2 { font-family: Lato;}.sticky-container { width:500px;  overflow: auto; margin: 40px;} .container{width:100%}.table{width:100%;} tr td{text-align:left;}th, td { white-space: nowrap; background:white;text-align:left;}td.sticky, th.sticky {position: sticky; left:0; z-index:1;  border: 1px solid red;  background-color: #eee;}td.sticky-right, th.sticky-right {position: sticky; right:0;  z-index:1; border: 1px solid red;  background-color: #eee;}.media_image-11{display:none;}<\/style>\n<h4 class=\"font-weight-bold\">Inscripci\u00f3n o Revalidaci\u00f3n al Padr\u00f3n de proveedores y Prestadores de Servicios.<\/h4>\n<div class=\"container\">\n<table class=\"table table-lg\">\n<tbody>\n<tr>\n<td class=\"text-left\">Convocatoria y Formato de Inscripci\u00f3n al Padr\u00f3n de Proveedores<\/td>\n<td><a href=\"https:\/\/transparencia.cardenas.gob.mx\/Transparencia_2026\/General\/Convocatorias\/CONV_PROVEEDORES_ACTUALIZADA_2026.docx\" rel=\"noopener\" download=\"\">Abrir<\/a><\/td>\n<\/tr>\n<tr style=\"\">\n<td class=\"text-left\">Ficha de Registro del Padr\u00f3n de Proveedores<\/td>\n<td><a href=\"https:\/\/transparencia.cardenas.gob.mx\/Transparencia_2026\/General\/Convocatoria\/FICHA_DE_REGISTRO_DEL_PADRON_DE_PROVEEDORES_2026.docx\" download=\"\">Abrir<\/a><\/td>\n<\/tr>\n<tr>\n<td class=\"text-left\">Formato Ficha de Abono a CTA<\/td>\n<td><a href=\"http:\/\/transparencia.cardenas.gob.mx\/Convocatorias\/2022\/ABONO%20EN%20CTA.%202021.pdf\">Abrir<\/a><\/td>\n<\/tr>\n<\/tbody>\n<\/table>\n<\/div>\n<div class=\"container\">\n<h4 class=\"font-weight-bold\">Inscripci\u00f3n o Revalidaci\u00f3n al Registro \u00fanico de Contratistas<\/h4>\n<table class=\"table table-lg\">\n<tbody>\n<tr>\n<td class=\"text-left\">Registro Y Formato de Inscripci\u00f3n \u00fanico de Contratistas<\/td>\n<td><a href=\"https:\/\/transparencia.cardenas.gob.mx\/Transparencia_2026\/General\/Convocatorias\/CONV_CONTRATISTAS_ACTUALIZADA_2026.docx\" download=\"\">Abrir<\/a><\/td>\n<\/tr>\n<tr style=\"display: none;\">\n<td class=\"text-left\">Formato de Inscripci\u00f3n<\/td>\n<td><a href=\"https:\/\/transparencia.cardenas.gob.mx\/Transparencia_2024\/General\/Convocatoria\/CONV_INSC_CONTRATISTAS_2024__2027.docx\" download=\"\">Abrir<\/a><\/td>\n<\/tr>\n<tr>\n<td class=\"text-left\">Formato Ficha de Abono a CTA<\/td>\n<td><a href=\"http:\/\/transparencia.cardenas.gob.mx\/Convocatorias\/2022\/ABONO%20EN%20CTA.%202021.pdf\">Abrir<\/a><\/td>\n<\/tr>\n<\/tbody>\n<\/table>\n<\/div>\t\t\t\t\t\t\t\t<\/div>\n\t\t\t\t<\/div>\n\t\t\t\t\t<\/div>\n\t\t<\/div>\n\t\t\t\t\t<\/div>\n\t\t<\/section>\n\t\t\t\t<section class=\"elementor-section elementor-top-section elementor-element elementor-element-9f584a3 elementor-section-boxed elementor-section-height-default elementor-section-height-default\" data-id=\"9f584a3\" data-element_type=\"section\">\n\t\t\t\t\t\t<div class=\"elementor-container elementor-column-gap-default\">\n\t\t\t\t\t<div class=\"elementor-column elementor-col-100 elementor-top-column elementor-element elementor-element-e795c6c\" data-id=\"e795c6c\" data-element_type=\"column\">\n\t\t\t<div class=\"elementor-widget-wrap elementor-element-populated\">\n\t\t\t\t\t\t\t<\/div>\n\t\t<\/div>\n\t\t\t\t\t<\/div>\n\t\t<\/section>\n\t\t\t\t<section class=\"elementor-section elementor-top-section elementor-element elementor-element-b223445 elementor-section-boxed elementor-section-height-default elementor-section-height-default\" data-id=\"b223445\" data-element_type=\"section\">\n\t\t\t\t\t\t<div class=\"elementor-container elementor-column-gap-default\">\n\t\t\t\t\t<div class=\"elementor-column elementor-col-100 elementor-top-column elementor-element elementor-element-6abdf7f\" data-id=\"6abdf7f\" data-element_type=\"column\">\n\t\t\t<div class=\"elementor-widget-wrap elementor-element-populated\">\n\t\t\t\t\t\t<div class=\"elementor-element elementor-element-57d42e8 elementor-widget elementor-widget-html\" data-id=\"57d42e8\" data-element_type=\"widget\" data-widget_type=\"html.default\">\n\t\t\t\t<div class=\"elementor-widget-container\">\n\t\t\t\t\t<link rel=\"stylesheet\" href=\"https:\/\/cdnjs.cloudflare.com\/ajax\/libs\/twitter-bootstrap\/4.0.0-alpha.2\/css\/bootstrap.min.css\" \/>\t\t\t\t<\/div>\n\t\t\t\t<\/div>\n\t\t\t\t\t<\/div>\n\t\t<\/div>\n\t\t\t\t\t<\/div>\n\t\t<\/section>\n\t\t\t\t<\/div>\n\t\t","protected":false},"excerpt":{"rendered":"<p>Inscripci\u00f3n o Revalidaci\u00f3n al Padr\u00f3n de proveedores y Prestadores de Servicios. Convocatoria y Formato de Inscripci\u00f3n al Padr\u00f3n de Proveedores Abrir Ficha de Registro del Padr\u00f3n de Proveedores Abrir Formato Ficha de Abono a CTA Abrir Inscripci\u00f3n o Revalidaci\u00f3n al Registro \u00fanico de Contratistas Registro Y Formato de Inscripci\u00f3n \u00fanico de Contratistas Abrir Formato de [&hellip;]<\/p>\n","protected":false},"author":1,"featured_media":2205,"parent":0,"menu_order":0,"comment_status":"closed","ping_status":"open","template":"","meta":{"footnotes":""},"class_list":["post-125","page","type-page","status-publish","has-post-thumbnail","hentry"],"_links":{"self":[{"href":"https:\/\/cardenas.gob.mx\/portal\/wp-json\/wp\/v2\/pages\/125","targetHints":{"allow":["GET"]}}],"collection":[{"href":"https:\/\/cardenas.gob.mx\/portal\/wp-json\/wp\/v2\/pages"}],"about":[{"href":"https:\/\/cardenas.gob.mx\/portal\/wp-json\/wp\/v2\/types\/page"}],"author":[{"embeddable":true,"href":"https:\/\/cardenas.gob.mx\/portal\/wp-json\/wp\/v2\/users\/1"}],"replies":[{"embeddable":true,"href":"https:\/\/cardenas.gob.mx\/portal\/wp-json\/wp\/v2\/comments?post=125"}],"version-history":[{"count":83,"href":"https:\/\/cardenas.gob.mx\/portal\/wp-json\/wp\/v2\/pages\/125\/revisions"}],"predecessor-version":[{"id":10319,"href":"https:\/\/cardenas.gob.mx\/portal\/wp-json\/wp\/v2\/pages\/125\/revisions\/10319"}],"wp:featuredmedia":[{"embeddable":true,"href":"https:\/\/cardenas.gob.mx\/portal\/wp-json\/wp\/v2\/media\/2205"}],"wp:attachment":[{"href":"https:\/\/cardenas.gob.mx\/portal\/wp-json\/wp\/v2\/media?parent=125"}],"curies":[{"name":"wp","href":"https:\/\/api.w.org\/{rel}","templated":true}]}}